{"id":5446,"date":"2022-03-15T17:23:00","date_gmt":"2022-03-15T16:23:00","guid":{"rendered":"https:\/\/www.zakan-kornati.hr\/datenschutz-bestimmungen\/"},"modified":"2022-06-11T07:50:57","modified_gmt":"2022-06-11T05:50:57","slug":"datenschutz-bestimmungen","status":"publish","type":"page","link":"https:\/\/www.zakan-kornati.hr\/de\/datenschutz-bestimmungen\/","title":{"rendered":"Datenschutz-Bestimmungen"},"content":{"rendered":"\t\t<div data-elementor-type=\"wp-page\" data-elementor-id=\"5446\" class=\"elementor elementor-5446 elementor-3263\">\n\t\t\t\t\t\t\t\t\t<section class=\"elementor-section elementor-top-section elementor-element elementor-element-f136f80 elementor-section-boxed elementor-section-height-default elementor-section-height-default\" data-id=\"f136f80\" data-element_type=\"section\">\n\t\t\t\t\t\t<div class=\"elementor-container elementor-column-gap-wide\">\n\t\t\t\t\t<div class=\"elementor-column elementor-col-100 elementor-top-column elementor-element elementor-element-e678460\" data-id=\"e678460\" data-element_type=\"column\">\n\t\t\t<div class=\"elementor-widget-wrap elementor-element-populated\">\n\t\t\t\t\t\t\t\t<div class=\"elementor-element elementor-element-c9c2de7 elementor-widget elementor-widget-text-editor\" data-id=\"c9c2de7\" data-element_type=\"widget\" data-widget_type=\"text-editor.default\">\n\t\t\t\t<div class=\"elementor-widget-container\">\n\t\t\t\t\t\t\t<h3>Izjava o privatnosti<\/h3><p>Tvrtka \u017dakan d.o.o. (u nastavku \u201emi\u201c, \u201enama\u201c, \u201ena\u0161\u201c, itd.) je vlasnik web stranice zakan-kornati.hr (\u201eweb stranica\u201c). Stvorili smo ovu izjavu o privatnosti kako bismo pokazali da brinemo o privatnosti na\u0161ih korisnika te kako bismo ih informirali o na\u010dinima skupljanja i obrade osobnih podataka na ovoj web stranici.<\/p><p>Molimo vas da ovu Izjavu pro\u010ditate pa\u017eljivo kako biste saznali kako skupljamo, obra\u0111ujemo, \u0161titimo ili na bilo koji drugi na\u010din koristimo va\u0161e osobne podatke.<\/p><h3>Prikupljanje podataka<\/h3><p>Osobni podatak jest svaki podatak koji se odnosi na pojedinca \u010diji je identitet poznat ili se mo\u017ee utvrditi. Pojedinac \u010diji se identitet mo\u017ee utvrditi jest osoba koja se mo\u017ee identificirati izravno ili neizravno, osobito uz pomo\u0107 identifikatora kao \u0161to su ime, identifikacijski broj, podaci o lokaciji, mre\u017eni identifikator ili uz pomo\u0107 jednog ili vi\u0161e \u010dimbenika svojstvenih za fizi\u010dki, fiziolo\u0161ki, genetski, mentalni, ekonomski, kulturni ili socijalni identitet tog pojedinca.<\/p><p>Va\u0161e osobne podatke prikupljamo samo kada nam svojom voljom date takve informacije. Podatke o Vama prikupljamo kada ispunite obrazac ili prilikom prijave na newsletter.<\/p><p>Trebali biste imati na umu da se neosobne informacije i podaci mogu automatski prikupljati putem na\u0161ih Internet servera ili kori\u0161tenjem \u201ekola\u010di\u0107a\u201c.<\/p><p>Primjeri informacija o Va\u0161em kori\u0161tenju stranice uklju\u010duju: najposje\u0107enije i najgledanije stranice i poveznice na na\u0161oj web stranici, broj ispunjenih obrazaca, vrijeme provedeno na stranici, najpopularnije klju\u010dne rije\u010di koji korisnike vode do na\u0161e stranice, va\u0161a IP adresa, informacije koje se skupljaju putem kola\u010di\u0107a, podaci va\u0161eg ure\u0111aja poput postavki hardwarea, sistemske aktivnosti, vrste pretra\u017eiva\u010da itd.<\/p><h3>Obrada podataka<\/h3><p>Podatke dobivene o vama koristimo u jednu ili vi\u0161e navedenih svrha:<\/p><ul><li>Radi personalizacije Va\u0161eg korisni\u010dkog iskustva (prikupljene informacije nam poma\u017eu da bolje odgovorimo na Va\u0161e individualne potrebe);<\/li><li>Radi pobolj\u0161anja na\u0161e web stranice (trajno nastojimo pobolj\u0161ati ponudu na\u0161e web stranice na temelju povratnih informacija koje dobivamo od na\u0161ih posjetitelja);<\/li><li>Radi uspostave primarnog kanala komunikacije s vama;<\/li><li>Radi povremenog slanja e-poruka (koje se ti\u010du povremenog primanja vijesti (ako to \u017eelite), a\u017euriranja, informacija o sli\u010dnim proizvodima ili uslugama, itd.)<\/li><\/ul><h3>Poveznice s tre\u0107im stranama<\/h3><p>Na na\u0161oj web stranici ne nudimo niti pru\u017eamo usluge ili proizvode tre\u0107ih strana.<\/p><h3>Za\u0161tita va\u0161ih podataka<\/h3><p>Kako bismo za\u0161titili osobne podatke koje \u0161aljete preko ove web stranice, koristimo fizi\u010dke, tehni\u010dke i organizacijske mjere sigurnosti. Neprestano nadogra\u0111ujemo i testiramo na\u0161u sigurnosnu tehnologiju. Ograni\u010davamo pristup Va\u0161im osobnim podacima samo onim zaposlenicima koji trebaju znati te informacije kako bi Vam pru\u017eili neke koristi ili usluge. Osim toga, educiramo na\u0161e zaposlenike o va\u017enosti povjerljivosti podataka te \u010duvanju privatnosti i za\u0161titi Va\u0161ih podataka.<\/p><h3>Pohrana i rok \u010duvanja podataka<\/h3><p>Pohranjene podatke ne\u0107emo prenijeti ili pohraniti u dr\u017eave izvan Europske Unije.<\/p><p>Va\u0161e osobne podatke \u010duvamo i \u0161titimo za vrijeme trajanja Va\u0161eg poslovnog odnosa s nama.<\/p><h3>Prava pojedinaca<\/h3><p>Ako \u017eelite znati posjedujemo li i obra\u0111ujemo Va\u0161e osobne podatke, ili ako \u017eelite pristupiti osobnim podacima koje imamo o vama, molimo Vas da nas kontaktirate na <a href=\"mailto:info@zakan-kornati.hr\">info@zakan-kornati.hr<\/a>.<\/p><p>Tako\u0111er mo\u017eete zahtijevati informacije o: svrsi obrade podataka, kategorijama osobnih podataka pod obradom; tko je jo\u0161 izvan na\u0161e tvrtke primio Va\u0161e osobne podatke od nas; koji je izvor osobnih podataka (ako ih niste izravno dali nama); i kako dugo \u0107emo \u010duvati podatke. Imate pravo na ispravak osobnih podataka koje posjedujemo ako su oni neto\u010dni. Tako\u0111er mo\u017eete, uz odre\u0111ene iznimke, zatra\u017eiti da izbri\u0161emo Va\u0161e podatke ili prestanemo s njihovom obradom. Mo\u017eete tra\u017eiti da prestanemo koristiti Va\u0161e osobne podatke u svrhe izravnog marketinga. U mnogim dr\u017eavama imate pravo poslati pritu\u017ebu nadle\u017enom tijelu za za\u0161titu podataka ako niste zadovoljni na\u010dinom kako postupamo s Va\u0161im osobnim podacima. Ako je tehni\u010dki izvedivo, mi \u0107emo na temelju Va\u0161eg zahtjeva poslati Vam Va\u0161e osobne podatke ili ih prenijeti izravno na drugog voditelja obrade.<\/p><p>Ako nam podnesete zahtjev za slanje Va\u0161ih osobnih podataka na <a href=\"mailto:info@zakan-kornati.hr\">info@zakan-kornati.hr<\/a>, udovoljit \u0107emo tom zahtjevu besplatno. Ako ne mo\u017eemo udovoljiti Va\u0161em zahtjevu u razumnom roku, obavijestit \u0107emo Vas o datumu kada \u0107emo udovoljiti zahtjevu. Ako iz nekog razlog na mo\u017eemo ispuniti Va\u0161 zahtjev, poslat \u0107emo Vam obja\u0161njenje o tome za\u0161to nismo udovoljili Va\u0161em zahtjevu.<\/p><h3>Obavje\u0161\u0107ivanje o povredi osobnih podataka<\/h3><p>U slu\u010daju povrede osobnih podataka obavijestit \u0107emo Vas i nadle\u017eno nadzorno tijelo porukom e-po\u0161te u roku 72 sata o razmjerima povrede, obuhva\u0107enim podacima, mo\u017eebitnom utjecaju na na\u0161e usluge i na\u0161im planiranim mjerama za osiguranje podataka i ograni\u010denje bilo kakvih \u0161tetnih u\u010dinaka po pojedince.<\/p><p>Obavijest o povredi Vam ne\u0107emo poslati u slu\u010daju:<\/p><ul><li>ako postoje tehni\u010dke i organizacijske mjere za\u0161tite (poput enkripcije) koje su primijenjene na osobne podatke pogo\u0111ene povredom osobnih podataka, koje te podatke \u010dine nerazumljiva bilo kojoj osobi koja im nije ovla\u0161tena pristupiti;<\/li><li>ako smo poduzeli naknadne mjere kojima se osigurava da vi\u0161e nije vjerojatno da \u0107e do\u0107i do visokog rizika za prava i slobode pojedinaca;<\/li><li>ako bi to iziskivalo nerazmjeran napor ( u tom slu\u010daju \u0107emo Vas obavijestiti putem sredstava javnog obavje\u0161\u0107ivanja ili sli\u010dne jednako djelotvorne mjere).<\/li><\/ul><p>Povreda osobnih podataka zna\u010di povredu sigurnosti koja vodi do nenamjernog ili nezakonitog uni\u0161tenja, gubitka, izmjene, neautoriziranog otkrivanja ili pristupa osobnim podacima koji se prenose, \u010duvaju i obra\u0111uju u vezi s nu\u0111enjem na\u0161ih usluga.<\/p><h3>Va\u0161a privola<\/h3><p>Kori\u0161tenjem ove web stranice dajete privolu na ovu politiku privatnosti.<\/p><h3>Promjene na\u0161e politike privatnosti<\/h3><p>U slu\u010daju promjena na\u0161e politike privatnosti obavijestit \u0107emo Vas o tome na ovoj stranici i a\u017eurirati datum izmjene politike privatnosti dolje kako slijedi.<\/p><p>Ova politika privatnosti je zadnji put izmijenjena 01. svibnja 2022. godine.<\/p><h3>Pravo na pritu\u017ebu nadle\u017enom tijelu<\/h3><p>U bilo kojem trenutku mo\u017eete poslati pritu\u017ebu nadzornom tijelu u vezi na\u0161eg skupljanja i obrade Va\u0161ih osobnih podataka. U Republici Hrvatskoj pritu\u017ebu mo\u017eete podnijeti Agenciji za za\u0161titu osobnih podatka (AZOP)<\/p>\t\t\t\t\t\t<\/div>\n\t\t\t\t<\/div>\n\t\t\t\t\t<\/div>\n\t\t<\/div>\n\t\t\t\t\t\t\t<\/div>\n\t\t<\/section>\n\t\t\t\t\t\t\t<\/div>\n\t\t","protected":false},"excerpt":{"rendered":"<p>Izjava o privatnosti Tvrtka \u017dakan d.o.o. (u nastavku \u201emi\u201c, \u201enama\u201c, \u201ena\u0161\u201c, itd.) je vlasnik web stranice zakan-kornati.hr (\u201eweb stranica\u201c). Stvorili smo ovu izjavu o privatnosti kako bismo pokazali da brinemo o privatnosti na\u0161ih korisnika te kako bismo ih informirali o na\u010dinima skupljanja i obrade osobnih podataka na ovoj web stranici. Molimo vas da ovu Izjavu&hellip;<\/p>\n","protected":false},"author":1,"featured_media":0,"parent":0,"menu_order":99,"comment_status":"closed","ping_status":"closed","template":"","meta":{"footnotes":""},"class_list":["post-5446","page","type-page","status-publish","hentry"],"yoast_head":"<!-- This site is optimized with the Yoast SEO plugin v20.5 - https:\/\/yoast.com\/wordpress\/plugins\/seo\/ -->\n<title>Datenschutz-Bestimmungen - \u017dakan Kornati<\/title>\n<meta name=\"robots\" content=\"index, follow, max-snippet:-1, max-image-preview:large, max-video-preview:-1\" \/>\n<link rel=\"canonical\" href=\"https:\/\/www.zakan-kornati.hr\/de\/datenschutz-bestimmungen\/\" \/>\n<meta property=\"og:locale\" content=\"de_DE\" \/>\n<meta property=\"og:type\" content=\"article\" \/>\n<meta property=\"og:title\" content=\"Datenschutz-Bestimmungen - \u017dakan Kornati\" \/>\n<meta property=\"og:description\" content=\"Izjava o privatnosti Tvrtka \u017dakan d.o.o. (u nastavku \u201emi\u201c, \u201enama\u201c, \u201ena\u0161\u201c, itd.) je vlasnik web stranice zakan-kornati.hr (\u201eweb stranica\u201c). Stvorili smo ovu izjavu o privatnosti kako bismo pokazali da brinemo o privatnosti na\u0161ih korisnika te kako bismo ih informirali o na\u010dinima skupljanja i obrade osobnih podataka na ovoj web stranici. Molimo vas da ovu Izjavu&hellip;\" \/>\n<meta property=\"og:url\" content=\"https:\/\/www.zakan-kornati.hr\/de\/datenschutz-bestimmungen\/\" \/>\n<meta property=\"og:site_name\" content=\"\u017dakan Kornati\" \/>\n<meta property=\"article:modified_time\" content=\"2022-06-11T05:50:57+00:00\" \/>\n<meta name=\"twitter:card\" content=\"summary_large_image\" \/>\n<meta name=\"twitter:label1\" content=\"Gesch\u00e4tzte Lesezeit\" \/>\n\t<meta name=\"twitter:data1\" content=\"5\u00a0Minuten\" \/>\n<script type=\"application\/ld+json\" class=\"yoast-schema-graph\">{\"@context\":\"https:\/\/schema.org\",\"@graph\":[{\"@type\":\"WebPage\",\"@id\":\"https:\/\/www.zakan-kornati.hr\/de\/datenschutz-bestimmungen\/\",\"url\":\"https:\/\/www.zakan-kornati.hr\/de\/datenschutz-bestimmungen\/\",\"name\":\"Datenschutz-Bestimmungen - \u017dakan Kornati\",\"isPartOf\":{\"@id\":\"https:\/\/www.zakan-kornati.hr\/#website\"},\"datePublished\":\"2022-03-15T16:23:00+00:00\",\"dateModified\":\"2022-06-11T05:50:57+00:00\",\"breadcrumb\":{\"@id\":\"https:\/\/www.zakan-kornati.hr\/de\/datenschutz-bestimmungen\/#breadcrumb\"},\"inLanguage\":\"de\",\"potentialAction\":[{\"@type\":\"ReadAction\",\"target\":[\"https:\/\/www.zakan-kornati.hr\/de\/datenschutz-bestimmungen\/\"]}]},{\"@type\":\"BreadcrumbList\",\"@id\":\"https:\/\/www.zakan-kornati.hr\/de\/datenschutz-bestimmungen\/#breadcrumb\",\"itemListElement\":[{\"@type\":\"ListItem\",\"position\":1,\"name\":\"Po\u010detna stranica\",\"item\":\"https:\/\/www.zakan-kornati.hr\/\"},{\"@type\":\"ListItem\",\"position\":2,\"name\":\"Datenschutz-Bestimmungen\"}]},{\"@type\":\"WebSite\",\"@id\":\"https:\/\/www.zakan-kornati.hr\/#website\",\"url\":\"https:\/\/www.zakan-kornati.hr\/\",\"name\":\"\u017dakan Kornati\",\"description\":\"Konoba \u017dakan, smje\u0161taj i plovila \u017dakan\",\"publisher\":{\"@id\":\"https:\/\/www.zakan-kornati.hr\/#organization\"},\"potentialAction\":[{\"@type\":\"SearchAction\",\"target\":{\"@type\":\"EntryPoint\",\"urlTemplate\":\"https:\/\/www.zakan-kornati.hr\/?s={search_term_string}\"},\"query-input\":\"required name=search_term_string\"}],\"inLanguage\":\"de\"},{\"@type\":\"Organization\",\"@id\":\"https:\/\/www.zakan-kornati.hr\/#organization\",\"name\":\"\u017dakan d.o.o.\",\"url\":\"https:\/\/www.zakan-kornati.hr\/\",\"logo\":{\"@type\":\"ImageObject\",\"inLanguage\":\"de\",\"@id\":\"https:\/\/www.zakan-kornati.hr\/#\/schema\/logo\/image\/\",\"url\":\"https:\/\/www.zakan-kornati.hr\/wp-content\/uploads\/2022\/04\/zakan-logo-kontakt_.png\",\"contentUrl\":\"https:\/\/www.zakan-kornati.hr\/wp-content\/uploads\/2022\/04\/zakan-logo-kontakt_.png\",\"width\":250,\"height\":98,\"caption\":\"\u017dakan d.o.o.\"},\"image\":{\"@id\":\"https:\/\/www.zakan-kornati.hr\/#\/schema\/logo\/image\/\"}}]}<\/script>\n<!-- \/ Yoast SEO plugin. -->","yoast_head_json":{"title":"Datenschutz-Bestimmungen - \u017dakan Kornati","robots":{"index":"index","follow":"follow","max-snippet":"max-snippet:-1","max-image-preview":"max-image-preview:large","max-video-preview":"max-video-preview:-1"},"canonical":"https:\/\/www.zakan-kornati.hr\/de\/datenschutz-bestimmungen\/","og_locale":"de_DE","og_type":"article","og_title":"Datenschutz-Bestimmungen - \u017dakan Kornati","og_description":"Izjava o privatnosti Tvrtka \u017dakan d.o.o. (u nastavku \u201emi\u201c, \u201enama\u201c, \u201ena\u0161\u201c, itd.) je vlasnik web stranice zakan-kornati.hr (\u201eweb stranica\u201c). Stvorili smo ovu izjavu o privatnosti kako bismo pokazali da brinemo o privatnosti na\u0161ih korisnika te kako bismo ih informirali o na\u010dinima skupljanja i obrade osobnih podataka na ovoj web stranici. Molimo vas da ovu Izjavu&hellip;","og_url":"https:\/\/www.zakan-kornati.hr\/de\/datenschutz-bestimmungen\/","og_site_name":"\u017dakan Kornati","article_modified_time":"2022-06-11T05:50:57+00:00","twitter_card":"summary_large_image","twitter_misc":{"Gesch\u00e4tzte Lesezeit":"5\u00a0Minuten"},"schema":{"@context":"https:\/\/schema.org","@graph":[{"@type":"WebPage","@id":"https:\/\/www.zakan-kornati.hr\/de\/datenschutz-bestimmungen\/","url":"https:\/\/www.zakan-kornati.hr\/de\/datenschutz-bestimmungen\/","name":"Datenschutz-Bestimmungen - \u017dakan Kornati","isPartOf":{"@id":"https:\/\/www.zakan-kornati.hr\/#website"},"datePublished":"2022-03-15T16:23:00+00:00","dateModified":"2022-06-11T05:50:57+00:00","breadcrumb":{"@id":"https:\/\/www.zakan-kornati.hr\/de\/datenschutz-bestimmungen\/#breadcrumb"},"inLanguage":"de","potentialAction":[{"@type":"ReadAction","target":["https:\/\/www.zakan-kornati.hr\/de\/datenschutz-bestimmungen\/"]}]},{"@type":"BreadcrumbList","@id":"https:\/\/www.zakan-kornati.hr\/de\/datenschutz-bestimmungen\/#breadcrumb","itemListElement":[{"@type":"ListItem","position":1,"name":"Po\u010detna stranica","item":"https:\/\/www.zakan-kornati.hr\/"},{"@type":"ListItem","position":2,"name":"Datenschutz-Bestimmungen"}]},{"@type":"WebSite","@id":"https:\/\/www.zakan-kornati.hr\/#website","url":"https:\/\/www.zakan-kornati.hr\/","name":"\u017dakan Kornati","description":"Konoba \u017dakan, smje\u0161taj i plovila \u017dakan","publisher":{"@id":"https:\/\/www.zakan-kornati.hr\/#organization"},"potentialAction":[{"@type":"SearchAction","target":{"@type":"EntryPoint","urlTemplate":"https:\/\/www.zakan-kornati.hr\/?s={search_term_string}"},"query-input":"required name=search_term_string"}],"inLanguage":"de"},{"@type":"Organization","@id":"https:\/\/www.zakan-kornati.hr\/#organization","name":"\u017dakan d.o.o.","url":"https:\/\/www.zakan-kornati.hr\/","logo":{"@type":"ImageObject","inLanguage":"de","@id":"https:\/\/www.zakan-kornati.hr\/#\/schema\/logo\/image\/","url":"https:\/\/www.zakan-kornati.hr\/wp-content\/uploads\/2022\/04\/zakan-logo-kontakt_.png","contentUrl":"https:\/\/www.zakan-kornati.hr\/wp-content\/uploads\/2022\/04\/zakan-logo-kontakt_.png","width":250,"height":98,"caption":"\u017dakan d.o.o."},"image":{"@id":"https:\/\/www.zakan-kornati.hr\/#\/schema\/logo\/image\/"}}]}},"_links":{"self":[{"href":"https:\/\/www.zakan-kornati.hr\/de\/wp-json\/wp\/v2\/pages\/5446","targetHints":{"allow":["GET"]}}],"collection":[{"href":"https:\/\/www.zakan-kornati.hr\/de\/wp-json\/wp\/v2\/pages"}],"about":[{"href":"https:\/\/www.zakan-kornati.hr\/de\/wp-json\/wp\/v2\/types\/page"}],"author":[{"embeddable":true,"href":"https:\/\/www.zakan-kornati.hr\/de\/wp-json\/wp\/v2\/users\/1"}],"replies":[{"embeddable":true,"href":"https:\/\/www.zakan-kornati.hr\/de\/wp-json\/wp\/v2\/comments?post=5446"}],"version-history":[{"count":1,"href":"https:\/\/www.zakan-kornati.hr\/de\/wp-json\/wp\/v2\/pages\/5446\/revisions"}],"predecessor-version":[{"id":5447,"href":"https:\/\/www.zakan-kornati.hr\/de\/wp-json\/wp\/v2\/pages\/5446\/revisions\/5447"}],"wp:attachment":[{"href":"https:\/\/www.zakan-kornati.hr\/de\/wp-json\/wp\/v2\/media?parent=5446"}],"curies":[{"name":"wp","href":"https:\/\/api.w.org\/{rel}","templated":true}]}}